{"id":13,"date":"2026-01-29T09:16:27","date_gmt":"2026-01-29T09:16:27","guid":{"rendered":"https:\/\/barlacabana.rkinformatika.online\/?page_id=13"},"modified":"2026-01-29T16:58:01","modified_gmt":"2026-01-29T16:58:01","slug":"servicios","status":"publish","type":"page","link":"https:\/\/barlacabana.eu\/eu\/servicios\/","title":{"rendered":"Zerbitzuak"},"content":{"rendered":"<div data-elementor-type=\"wp-page\" data-elementor-id=\"13\" class=\"elementor elementor-13\" data-elementor-post-type=\"page\">\n\t\t\t\t<div class=\"elementor-element elementor-element-77a1a75 e-flex e-con-boxed e-con e-parent\" data-id=\"77a1a75\" data-element_type=\"container\" data-e-type=\"container\" data-settings=\"{&quot;background_background&quot;:&quot;classic&quot;}\">\n\t\t\t\t\t<div class=\"e-con-inner\">\n\t\t\t\t<div class=\"elementor-element elementor-element-1515bcf elementor-invisible elementor-widget elementor-widget-heading\" data-id=\"1515bcf\" data-element_type=\"widget\" data-e-type=\"widget\" data-settings=\"{&quot;_animation&quot;:&quot;fadeInLeft&quot;}\" data-widget_type=\"heading.default\">\n\t\t\t\t\t<h2 class=\"elementor-heading-title elementor-size-default\">Descubre nuestros sabores<\/h2>\t\t\t\t<\/div>\n\t\t\t\t\t<\/div>\n\t\t\t\t<\/div>\n\t\t<div class=\"elementor-element elementor-element-1698f67 e-flex e-con-boxed e-con e-parent\" data-id=\"1698f67\" data-element_type=\"container\" data-e-type=\"container\">\n\t\t\t\t\t<div class=\"e-con-inner\">\n\t\t<div class=\"elementor-element elementor-element-aa97cdf e-con-full e-flex e-con e-child\" data-id=\"aa97cdf\" data-element_type=\"container\" data-e-type=\"container\" data-settings=\"{&quot;background_background&quot;:&quot;classic&quot;}\">\n\t\t\t\t<div class=\"elementor-element elementor-element-b918760 elementor-widget elementor-widget-heading\" data-id=\"b918760\" data-element_type=\"widget\" data-e-type=\"widget\" data-widget_type=\"heading.default\">\n\t\t\t\t\t<h2 class=\"elementor-heading-title elementor-size-default\">Pintxopote los Jueves<\/h2>\t\t\t\t<\/div>\n\t\t\t\t<div class=\"elementor-element elementor-element-9955431 elementor-widget elementor-widget-text-editor\" data-id=\"9955431\" data-element_type=\"widget\" data-e-type=\"widget\" data-widget_type=\"text-editor.default\">\n\t\t\t\t\t\t\t\t\t<ul><li data-start=\"310\" data-end=\"344\"><p data-start=\"312\" data-end=\"344\"><strong data-start=\"312\" data-end=\"342\">Pintxos morunos a la brasa<\/strong><\/p><\/li><li data-start=\"345\" data-end=\"386\"><p data-start=\"347\" data-end=\"386\"><strong data-start=\"347\" data-end=\"384\">Champi\u00f1ones frescos a la parrilla<\/strong><\/p><\/li><li data-start=\"387\" data-end=\"428\"><p data-start=\"389\" data-end=\"428\"><strong data-start=\"389\" data-end=\"426\">Bebidas bien fr\u00edas para acompa\u00f1ar<\/strong><\/p><\/li><li data-start=\"429\" data-end=\"463\"><p data-start=\"431\" data-end=\"463\"><strong data-start=\"431\" data-end=\"461\">Ambiente animado y cercano<\/strong><\/p><\/li><\/ul>\t\t\t\t\t\t\t\t<\/div>\n\t\t\t\t<\/div>\n\t\t<div class=\"elementor-element elementor-element-26d2280 e-con-full e-flex e-con e-child\" data-id=\"26d2280\" data-element_type=\"container\" data-e-type=\"container\" data-settings=\"{&quot;background_background&quot;:&quot;classic&quot;}\">\n\t\t\t\t<div class=\"elementor-element elementor-element-09d4796 elementor-widget elementor-widget-heading\" data-id=\"09d4796\" data-element_type=\"widget\" data-e-type=\"widget\" data-widget_type=\"heading.default\">\n\t\t\t\t\t<h2 class=\"elementor-heading-title elementor-size-default\">Bocadillos Caseros<\/h2>\t\t\t\t<\/div>\n\t\t\t\t<div class=\"elementor-element elementor-element-8646715 elementor-widget elementor-widget-text-editor\" data-id=\"8646715\" data-element_type=\"widget\" data-e-type=\"widget\" data-widget_type=\"text-editor.default\">\n\t\t\t\t\t\t\t\t\t<ul><li data-start=\"542\" data-end=\"573\"><p data-start=\"544\" data-end=\"573\"><strong data-start=\"544\" data-end=\"571\">Bocata de bacon y queso<\/strong><\/p><\/li><li data-start=\"574\" data-end=\"599\"><p data-start=\"576\" data-end=\"599\"><strong data-start=\"576\" data-end=\"597\">Bocata de panceta<\/strong><\/p><\/li><li data-start=\"600\" data-end=\"659\"><p data-start=\"602\" data-end=\"659\"><strong data-start=\"602\" data-end=\"629\">Bocadillos de embutidos<\/strong>: salchich\u00f3n, chorizo, jam\u00f3n<\/p><\/li><li data-start=\"660\" data-end=\"717\"><p data-start=\"662\" data-end=\"717\"><strong data-start=\"662\" data-end=\"715\">Preparados al momento con ingredientes de calidad<\/strong><\/p><\/li><\/ul>\t\t\t\t\t\t\t\t<\/div>\n\t\t\t\t<\/div>\n\t\t<div class=\"elementor-element elementor-element-a5c4ce5 e-con-full e-flex e-con e-child\" data-id=\"a5c4ce5\" data-element_type=\"container\" data-e-type=\"container\" data-settings=\"{&quot;background_background&quot;:&quot;classic&quot;}\">\n\t\t\t\t<div class=\"elementor-element elementor-element-68917a9 elementor-widget elementor-widget-heading\" data-id=\"68917a9\" data-element_type=\"widget\" data-e-type=\"widget\" data-widget_type=\"heading.default\">\n\t\t\t\t\t<h2 class=\"elementor-heading-title elementor-size-default\">Pintxos y Picoteo<\/h2>\t\t\t\t<\/div>\n\t\t\t\t<div class=\"elementor-element elementor-element-e8e5744 elementor-widget elementor-widget-text-editor\" data-id=\"e8e5744\" data-element_type=\"widget\" data-e-type=\"widget\" data-widget_type=\"text-editor.default\">\n\t\t\t\t\t\t\t\t\t<ul><li data-start=\"783\" data-end=\"817\"><p data-start=\"785\" data-end=\"817\"><strong data-start=\"785\" data-end=\"815\">Pintxos morunos aut\u00e9nticos<\/strong><\/p><\/li><li data-start=\"818\" data-end=\"849\"><p data-start=\"820\" data-end=\"849\"><strong data-start=\"820\" data-end=\"847\">Opciones para compartir<\/strong><\/p><\/li><li data-start=\"850\" data-end=\"885\"><p data-start=\"852\" data-end=\"885\"><strong data-start=\"852\" data-end=\"883\">Sabores intensos a la brasa<\/strong><\/p><\/li><li data-start=\"886\" data-end=\"937\"><p data-start=\"888\" data-end=\"937\"><strong data-start=\"888\" data-end=\"935\">Perfectos para acompa\u00f1ar con cerveza o vino<\/strong><\/p><\/li><\/ul>\t\t\t\t\t\t\t\t<\/div>\n\t\t\t\t<\/div>\n\t\t\t\t\t<\/div>\n\t\t\t\t<\/div>\n\t\t<div class=\"elementor-element elementor-element-c3ec95f e-flex e-con-boxed e-con e-parent\" data-id=\"c3ec95f\" data-element_type=\"container\" data-e-type=\"container\" data-settings=\"{&quot;background_background&quot;:&quot;classic&quot;}\">\n\t\t\t\t\t<div class=\"e-con-inner\">\n\t\t\t\t<div class=\"elementor-element elementor-element-d9079ac elementor-widget elementor-widget-heading\" data-id=\"d9079ac\" data-element_type=\"widget\" data-e-type=\"widget\" data-widget_type=\"heading.default\">\n\t\t\t\t\t<h2 class=\"elementor-heading-title elementor-size-default\">Ven a disfrutar del sabor de Bilbao<\/h2>\t\t\t\t<\/div>\n\t\t\t\t<div class=\"elementor-element elementor-element-24b1647 elementor-widget elementor-widget-text-editor\" data-id=\"24b1647\" data-element_type=\"widget\" data-e-type=\"widget\" data-widget_type=\"text-editor.default\">\n\t\t\t\t\t\t\t\t\t<p>\u00bfListo para tu pintxopote? Reserva aqu\u00ed.<\/p>\t\t\t\t\t\t\t\t<\/div>\n\t\t\t\t<div class=\"elementor-element elementor-element-d7b1ae5 elementor-align-center elementor-widget elementor-widget-button\" data-id=\"d7b1ae5\" data-element_type=\"widget\" data-e-type=\"widget\" data-widget_type=\"button.default\">\n\t\t\t\t\t\t\t\t\t\t<a class=\"elementor-button elementor-button-link elementor-size-sm\" href=\"https:\/\/barlacabana.eu\/eu\/contacto\/\">\n\t\t\t\t\t\t<span class=\"elementor-button-content-wrapper\">\n\t\t\t\t\t\t\t\t\t<span class=\"elementor-button-text\">Kontaktua<\/span>\n\t\t\t\t\t<\/span>\n\t\t\t\t\t<\/a>\n\t\t\t\t\t\t\t\t<\/div>\n\t\t\t\t\t<\/div>\n\t\t\t\t<\/div>\n\t\t\t\t<\/div>","protected":false},"excerpt":{"rendered":"<p>Descubre nuestros sabores Pintxopote los Jueves Pintxos morunos a la brasa Champi\u00f1ones frescos a la parrilla Bebidas bien fr\u00edas para acompa\u00f1ar Ambiente animado y cercano Bocadillos Caseros Bocata de bacon y queso Bocata de panceta Bocadillos de embutidos: salchich\u00f3n, chorizo, jam\u00f3n Preparados al momento con ingredientes de calidad Pintxos y Picoteo Pintxos morunos aut\u00e9nticos Opciones [&hellip;]<\/p>\n","protected":false},"author":1,"featured_media":0,"parent":0,"menu_order":0,"comment_status":"closed","ping_status":"closed","template":"elementor_canvas","meta":{"footnotes":""},"class_list":["post-13","page","type-page","status-publish","hentry"],"yoast_head":"<!-- This site is optimized with the Yoast SEO plugin v27.3 - https:\/\/yoast.com\/product\/yoast-seo-wordpress\/ -->\n<title>Servicios - Bar La Cabana<\/title>\n<meta name=\"robots\" content=\"index, follow, max-snippet:-1, max-image-preview:large, max-video-preview:-1\" \/>\n<link rel=\"canonical\" href=\"https:\/\/barlacabana.eu\/eu\/servicios\/\" \/>\n<meta property=\"og:locale\" content=\"en_US\" \/>\n<meta property=\"og:type\" content=\"article\" \/>\n<meta property=\"og:title\" content=\"Servicios - Bar La Cabana\" \/>\n<meta property=\"og:description\" content=\"Descubre nuestros sabores Pintxopote los Jueves Pintxos morunos a la brasa Champi\u00f1ones frescos a la parrilla Bebidas bien fr\u00edas para acompa\u00f1ar Ambiente animado y cercano Bocadillos Caseros Bocata de bacon y queso Bocata de panceta Bocadillos de embutidos: salchich\u00f3n, chorizo, jam\u00f3n Preparados al momento con ingredientes de calidad Pintxos y Picoteo Pintxos morunos aut\u00e9nticos Opciones [&hellip;]\" \/>\n<meta property=\"og:url\" content=\"https:\/\/barlacabana.eu\/eu\/servicios\/\" \/>\n<meta property=\"og:site_name\" content=\"Bar La Cabana\" \/>\n<meta property=\"article:modified_time\" content=\"2026-01-29T16:58:01+00:00\" \/>\n<meta name=\"twitter:card\" content=\"summary_large_image\" \/>\n<meta name=\"twitter:label1\" content=\"Est. reading time\" \/>\n\t<meta name=\"twitter:data1\" content=\"1 minutua\" \/>\n<script type=\"application\/ld+json\" class=\"yoast-schema-graph\">{\"@context\":\"https:\\\/\\\/schema.org\",\"@graph\":[{\"@type\":\"WebPage\",\"@id\":\"https:\\\/\\\/barlacabana.eu\\\/servicios\\\/\",\"url\":\"https:\\\/\\\/barlacabana.eu\\\/servicios\\\/\",\"name\":\"Servicios - Bar La Cabana\",\"isPartOf\":{\"@id\":\"https:\\\/\\\/barlacabana.eu\\\/#website\"},\"datePublished\":\"2026-01-29T09:16:27+00:00\",\"dateModified\":\"2026-01-29T16:58:01+00:00\",\"breadcrumb\":{\"@id\":\"https:\\\/\\\/barlacabana.eu\\\/servicios\\\/#breadcrumb\"},\"inLanguage\":\"eu\",\"potentialAction\":[{\"@type\":\"ReadAction\",\"target\":[\"https:\\\/\\\/barlacabana.eu\\\/servicios\\\/\"]}]},{\"@type\":\"BreadcrumbList\",\"@id\":\"https:\\\/\\\/barlacabana.eu\\\/servicios\\\/#breadcrumb\",\"itemListElement\":[{\"@type\":\"ListItem\",\"position\":1,\"name\":\"Portada\",\"item\":\"https:\\\/\\\/barlacabana.eu\\\/\"},{\"@type\":\"ListItem\",\"position\":2,\"name\":\"Servicios\"}]},{\"@type\":\"WebSite\",\"@id\":\"https:\\\/\\\/barlacabana.eu\\\/#website\",\"url\":\"https:\\\/\\\/barlacabana.eu\\\/\",\"name\":\"Bar La Cabana\",\"description\":\"Bar\",\"publisher\":{\"@id\":\"https:\\\/\\\/barlacabana.eu\\\/#organization\"},\"potentialAction\":[{\"@type\":\"SearchAction\",\"target\":{\"@type\":\"EntryPoint\",\"urlTemplate\":\"https:\\\/\\\/barlacabana.eu\\\/?s={search_term_string}\"},\"query-input\":{\"@type\":\"PropertyValueSpecification\",\"valueRequired\":true,\"valueName\":\"search_term_string\"}}],\"inLanguage\":\"eu\"},{\"@type\":\"Organization\",\"@id\":\"https:\\\/\\\/barlacabana.eu\\\/#organization\",\"name\":\"Bar La Cabana\",\"url\":\"https:\\\/\\\/barlacabana.eu\\\/\",\"logo\":{\"@type\":\"ImageObject\",\"inLanguage\":\"eu\",\"@id\":\"https:\\\/\\\/barlacabana.eu\\\/#\\\/schema\\\/logo\\\/image\\\/\",\"url\":\"https:\\\/\\\/barlacabana.eu\\\/wp-content\\\/uploads\\\/2026\\\/01\\\/cropped-barlacabana202607_logoticket.jpg\",\"contentUrl\":\"https:\\\/\\\/barlacabana.eu\\\/wp-content\\\/uploads\\\/2026\\\/01\\\/cropped-barlacabana202607_logoticket.jpg\",\"width\":413,\"height\":161,\"caption\":\"Bar La Cabana\"},\"image\":{\"@id\":\"https:\\\/\\\/barlacabana.eu\\\/#\\\/schema\\\/logo\\\/image\\\/\"}}]}<\/script>\n<!-- \/ Yoast SEO plugin. -->","yoast_head_json":{"title":"Servicios - Bar La Cabana","robots":{"index":"index","follow":"follow","max-snippet":"max-snippet:-1","max-image-preview":"max-image-preview:large","max-video-preview":"max-video-preview:-1"},"canonical":"https:\/\/barlacabana.eu\/eu\/servicios\/","og_locale":"en_US","og_type":"article","og_title":"Servicios - Bar La Cabana","og_description":"Descubre nuestros sabores Pintxopote los Jueves Pintxos morunos a la brasa Champi\u00f1ones frescos a la parrilla Bebidas bien fr\u00edas para acompa\u00f1ar Ambiente animado y cercano Bocadillos Caseros Bocata de bacon y queso Bocata de panceta Bocadillos de embutidos: salchich\u00f3n, chorizo, jam\u00f3n Preparados al momento con ingredientes de calidad Pintxos y Picoteo Pintxos morunos aut\u00e9nticos Opciones [&hellip;]","og_url":"https:\/\/barlacabana.eu\/eu\/servicios\/","og_site_name":"Bar La Cabana","article_modified_time":"2026-01-29T16:58:01+00:00","twitter_card":"summary_large_image","twitter_misc":{"Est. reading time":"1 minutua"},"schema":{"@context":"https:\/\/schema.org","@graph":[{"@type":"WebPage","@id":"https:\/\/barlacabana.eu\/servicios\/","url":"https:\/\/barlacabana.eu\/servicios\/","name":"Servicios - Bar La Cabana","isPartOf":{"@id":"https:\/\/barlacabana.eu\/#website"},"datePublished":"2026-01-29T09:16:27+00:00","dateModified":"2026-01-29T16:58:01+00:00","breadcrumb":{"@id":"https:\/\/barlacabana.eu\/servicios\/#breadcrumb"},"inLanguage":"eu","potentialAction":[{"@type":"ReadAction","target":["https:\/\/barlacabana.eu\/servicios\/"]}]},{"@type":"BreadcrumbList","@id":"https:\/\/barlacabana.eu\/servicios\/#breadcrumb","itemListElement":[{"@type":"ListItem","position":1,"name":"Portada","item":"https:\/\/barlacabana.eu\/"},{"@type":"ListItem","position":2,"name":"Servicios"}]},{"@type":"WebSite","@id":"https:\/\/barlacabana.eu\/#website","url":"https:\/\/barlacabana.eu\/","name":"Bar La Cabana","description":"Bar","publisher":{"@id":"https:\/\/barlacabana.eu\/#organization"},"potentialAction":[{"@type":"SearchAction","target":{"@type":"EntryPoint","urlTemplate":"https:\/\/barlacabana.eu\/?s={search_term_string}"},"query-input":{"@type":"PropertyValueSpecification","valueRequired":true,"valueName":"search_term_string"}}],"inLanguage":"eu"},{"@type":"Organization","@id":"https:\/\/barlacabana.eu\/#organization","name":"Bar La Cabana","url":"https:\/\/barlacabana.eu\/","logo":{"@type":"ImageObject","inLanguage":"eu","@id":"https:\/\/barlacabana.eu\/#\/schema\/logo\/image\/","url":"https:\/\/barlacabana.eu\/wp-content\/uploads\/2026\/01\/cropped-barlacabana202607_logoticket.jpg","contentUrl":"https:\/\/barlacabana.eu\/wp-content\/uploads\/2026\/01\/cropped-barlacabana202607_logoticket.jpg","width":413,"height":161,"caption":"Bar La Cabana"},"image":{"@id":"https:\/\/barlacabana.eu\/#\/schema\/logo\/image\/"}}]}},"_links":{"self":[{"href":"https:\/\/barlacabana.eu\/eu\/wp-json\/wp\/v2\/pages\/13","targetHints":{"allow":["GET"]}}],"collection":[{"href":"https:\/\/barlacabana.eu\/eu\/wp-json\/wp\/v2\/pages"}],"about":[{"href":"https:\/\/barlacabana.eu\/eu\/wp-json\/wp\/v2\/types\/page"}],"author":[{"embeddable":true,"href":"https:\/\/barlacabana.eu\/eu\/wp-json\/wp\/v2\/users\/1"}],"replies":[{"embeddable":true,"href":"https:\/\/barlacabana.eu\/eu\/wp-json\/wp\/v2\/comments?post=13"}],"version-history":[{"count":40,"href":"https:\/\/barlacabana.eu\/eu\/wp-json\/wp\/v2\/pages\/13\/revisions"}],"predecessor-version":[{"id":201,"href":"https:\/\/barlacabana.eu\/eu\/wp-json\/wp\/v2\/pages\/13\/revisions\/201"}],"wp:attachment":[{"href":"https:\/\/barlacabana.eu\/eu\/wp-json\/wp\/v2\/media?parent=13"}],"curies":[{"name":"wp","href":"https:\/\/api.w.org\/{rel}","templated":true}]}}