{"id":10,"date":"2026-01-29T09:13:45","date_gmt":"2026-01-29T09:13:45","guid":{"rendered":"https:\/\/barlacabana.rkinformatika.online\/?page_id=10"},"modified":"2026-01-29T16:57:38","modified_gmt":"2026-01-29T16:57:38","slug":"inicio","status":"publish","type":"page","link":"https:\/\/barlacabana.eu\/eu\/","title":{"rendered":"Hasiera"},"content":{"rendered":"<div data-elementor-type=\"wp-page\" data-elementor-id=\"10\" class=\"elementor elementor-10\" data-elementor-post-type=\"page\">\n\t\t\t\t<div class=\"elementor-element elementor-element-469d805 e-flex e-con-boxed e-con e-parent\" data-id=\"469d805\" data-element_type=\"container\" data-e-type=\"container\" data-settings=\"{&quot;background_background&quot;:&quot;classic&quot;}\">\n\t\t\t\t\t<div class=\"e-con-inner\">\n\t\t\t\t<div class=\"elementor-element elementor-element-c4c5d82 elementor-invisible elementor-widget elementor-widget-heading\" data-id=\"c4c5d82\" data-element_type=\"widget\" data-e-type=\"widget\" data-settings=\"{&quot;_animation&quot;:&quot;fadeInLeft&quot;}\" data-widget_type=\"heading.default\">\n\t\t\t\t\t<h2 class=\"elementor-heading-title elementor-size-default\">20 urte baino gehiago zaporea eta tradizioa partekatzen<\/h2>\t\t\t\t<\/div>\n\t\t\t\t\t<\/div>\n\t\t\t\t<\/div>\n\t\t<div class=\"elementor-element elementor-element-5d254fb e-flex e-con-boxed e-con e-parent\" data-id=\"5d254fb\" data-element_type=\"container\" data-e-type=\"container\" data-settings=\"{&quot;background_background&quot;:&quot;classic&quot;}\">\n\t\t\t\t\t<div class=\"e-con-inner\">\n\t\t<div class=\"elementor-element elementor-element-ff4f7f0 e-con-full e-flex e-con e-child\" data-id=\"ff4f7f0\" data-element_type=\"container\" data-e-type=\"container\">\n\t\t\t\t<div class=\"elementor-element elementor-element-b739d42 elementor-widget elementor-widget-heading\" data-id=\"b739d42\" data-element_type=\"widget\" data-e-type=\"widget\" data-widget_type=\"heading.default\">\n\t\t\t\t\t<h2 class=\"elementor-heading-title elementor-size-default\">Guri Buruz<\/h2>\t\t\t\t<\/div>\n\t\t\t\t<div class=\"elementor-element elementor-element-6a46e84 elementor-widget elementor-widget-text-editor\" data-id=\"6a46e84\" data-element_type=\"widget\" data-e-type=\"widget\" data-widget_type=\"text-editor.default\">\n\t\t\t\t\t\t\t\t\t<p data-start=\"201\" data-end=\"521\">Bar La Caba\u00f1an, 20 urte baino gehiago daramatzagu Bilboko bazkari onarekiko eta benetako giroarekiko dugun pasioa partekatzen. Auzoko taberna txiki bat bezala jaio ginen, eta, denborarekin, topagune bihurtu gara bisita bakoitzean zapore tradizionalak, kalitatea eta giro ona bilatzen dutenentzat.<\/p><p data-start=\"523\" data-end=\"955\">Ostegunero ospatzen dugu gure Pintxopote ospetsua. Bertan, auzokideak eta bisitariak biltzen dira txingarretan egindako pintxo morunoen, txanpi\u00f1oi egin berrien eta gure ogitarteko erakargarrien inguruan: hasi hirugihar eta gazta ogitarteko klasikotik, hirugiharreraino, eta hestebete tradizionaletaraino, hala nola txorizoa, saltxitxoia edo urdaiazpikoa. Dena maitasunez eta etxeko ukituarekin prestatuta.<\/p><p data-start=\"957\" data-end=\"1276\">Baina La Caba\u00f1an ez da bazkaltzera bakarrik etortzen, momentuaz gozatzera etortzen da: kafe bat goizean, aperitibo bat eguerdian edo garagardo bat lagun artean arratsaldean. Gure konpromisoa da beti kalitatea, zaporea eta hurbiltasuna eskaintzea, bisita bakoitza Bilboko benetako esperientzia bihurtuz.<\/p>\t\t\t\t\t\t\t\t<\/div>\n\t\t\t\t<\/div>\n\t\t<div class=\"elementor-element elementor-element-36832fd e-con-full e-flex e-con e-child\" data-id=\"36832fd\" data-element_type=\"container\" data-e-type=\"container\">\n\t\t\t\t<div class=\"elementor-element elementor-element-f353295 elementor-widget elementor-widget-image\" data-id=\"f353295\" data-element_type=\"widget\" data-e-type=\"widget\" data-widget_type=\"image.default\">\n\t\t\t\t\t\t\t\t\t\t\t\t\t\t\t<img fetchpriority=\"high\" decoding=\"async\" width=\"546\" height=\"847\" src=\"https:\/\/barlacabana.eu\/wp-content\/uploads\/2026\/01\/Captura-desde-2026-01-29-11-18-46.png\" class=\"attachment-large size-large wp-image-120\" alt=\"\" srcset=\"https:\/\/barlacabana.eu\/wp-content\/uploads\/2026\/01\/Captura-desde-2026-01-29-11-18-46.png 546w, https:\/\/barlacabana.eu\/wp-content\/uploads\/2026\/01\/Captura-desde-2026-01-29-11-18-46-193x300.png 193w, https:\/\/barlacabana.eu\/wp-content\/uploads\/2026\/01\/Captura-desde-2026-01-29-11-18-46-8x12.png 8w\" sizes=\"(max-width: 546px) 100vw, 546px\" \/>\t\t\t\t\t\t\t\t\t\t\t\t\t\t\t<\/div>\n\t\t\t\t<\/div>\n\t\t\t\t\t<\/div>\n\t\t\t\t<\/div>\n\t\t<div class=\"elementor-element elementor-element-716e642 e-flex e-con-boxed e-con e-parent\" data-id=\"716e642\" data-element_type=\"container\" data-e-type=\"container\" data-settings=\"{&quot;background_background&quot;:&quot;classic&quot;}\">\n\t\t\t\t\t<div class=\"e-con-inner\">\n\t\t\t\t<div class=\"elementor-element elementor-element-b1cea0c elementor-widget elementor-widget-heading\" data-id=\"b1cea0c\" data-element_type=\"widget\" data-e-type=\"widget\" data-widget_type=\"heading.default\">\n\t\t\t\t\t<h2 class=\"elementor-heading-title elementor-size-default\">Zaporea eta tradizioa zain dituzu<\/h2>\t\t\t\t<\/div>\n\t\t\t\t<div class=\"elementor-element elementor-element-18d413b elementor-widget elementor-widget-text-editor\" data-id=\"18d413b\" data-element_type=\"widget\" data-e-type=\"widget\" data-widget_type=\"text-editor.default\">\n\t\t\t\t\t\t\t\t\t<p>Taberna bat baino gehiago, xehetasun bakoitzak balio duen leku bat<\/p>\t\t\t\t\t\t\t\t<\/div>\n\t\t\t\t<div class=\"elementor-element elementor-element-5a5e1de elementor-align-center elementor-widget elementor-widget-button\" data-id=\"5a5e1de\" data-element_type=\"widget\" data-e-type=\"widget\" data-widget_type=\"button.default\">\n\t\t\t\t\t\t\t\t\t\t<a class=\"elementor-button elementor-button-link elementor-size-sm\" href=\"https:\/\/barlacabana.eu\/eu\/servicios\/\">\n\t\t\t\t\t\t<span class=\"elementor-button-content-wrapper\">\n\t\t\t\t\t\t\t\t\t<span class=\"elementor-button-text\">Zerbitzuak<\/span>\n\t\t\t\t\t<\/span>\n\t\t\t\t\t<\/a>\n\t\t\t\t\t\t\t\t<\/div>\n\t\t\t\t\t<\/div>\n\t\t\t\t<\/div>\n\t\t\t\t<\/div>","protected":false},"excerpt":{"rendered":"<p>M\u00e1s de 20 a\u00f1os compartiendo sabor y tradici\u00f3n Sobre Nosotros En Bar La Caba\u00f1a, llevamos m\u00e1s de 20 a\u00f1os compartiendo nuestra pasi\u00f3n por la buena comida y el ambiente aut\u00e9ntico de Bilbao. Nacimos como un peque\u00f1o bar de barrio y, con el tiempo, nos hemos convertido en un lugar de encuentro para quienes buscan sabores [&hellip;]<\/p>\n","protected":false},"author":1,"featured_media":0,"parent":0,"menu_order":0,"comment_status":"closed","ping_status":"closed","template":"elementor_canvas","meta":{"footnotes":""},"class_list":["post-10","page","type-page","status-publish","hentry"],"yoast_head":"<!-- This site is optimized with the Yoast SEO plugin v27.3 - https:\/\/yoast.com\/product\/yoast-seo-wordpress\/ -->\n<title>Inicio - Bar La Cabana<\/title>\n<meta name=\"robots\" content=\"index, follow, max-snippet:-1, max-image-preview:large, max-video-preview:-1\" \/>\n<link rel=\"canonical\" href=\"https:\/\/barlacabana.eu\/eu\/\" \/>\n<meta property=\"og:locale\" content=\"en_US\" \/>\n<meta property=\"og:type\" content=\"article\" \/>\n<meta property=\"og:title\" content=\"Inicio - Bar La Cabana\" \/>\n<meta property=\"og:description\" content=\"M\u00e1s de 20 a\u00f1os compartiendo sabor y tradici\u00f3n Sobre Nosotros En Bar La Caba\u00f1a, llevamos m\u00e1s de 20 a\u00f1os compartiendo nuestra pasi\u00f3n por la buena comida y el ambiente aut\u00e9ntico de Bilbao. Nacimos como un peque\u00f1o bar de barrio y, con el tiempo, nos hemos convertido en un lugar de encuentro para quienes buscan sabores [&hellip;]\" \/>\n<meta property=\"og:url\" content=\"https:\/\/barlacabana.eu\/eu\/\" \/>\n<meta property=\"og:site_name\" content=\"Bar La Cabana\" \/>\n<meta property=\"article:modified_time\" content=\"2026-01-29T16:57:38+00:00\" \/>\n<meta property=\"og:image\" content=\"https:\/\/barlacabana.eu\/wp-content\/uploads\/2026\/01\/Captura-desde-2026-01-29-11-18-46.png\" \/>\n\t<meta property=\"og:image:width\" content=\"546\" \/>\n\t<meta property=\"og:image:height\" content=\"847\" \/>\n\t<meta property=\"og:image:type\" content=\"image\/png\" \/>\n<meta name=\"twitter:card\" content=\"summary_large_image\" \/>\n<meta name=\"twitter:label1\" content=\"Est. reading time\" \/>\n\t<meta name=\"twitter:data1\" content=\"1 minutua\" \/>\n<script type=\"application\/ld+json\" class=\"yoast-schema-graph\">{\"@context\":\"https:\\\/\\\/schema.org\",\"@graph\":[{\"@type\":\"WebPage\",\"@id\":\"https:\\\/\\\/barlacabana.eu\\\/\",\"url\":\"https:\\\/\\\/barlacabana.eu\\\/\",\"name\":\"Inicio - Bar La Cabana\",\"isPartOf\":{\"@id\":\"https:\\\/\\\/barlacabana.eu\\\/#website\"},\"primaryImageOfPage\":{\"@id\":\"https:\\\/\\\/barlacabana.eu\\\/#primaryimage\"},\"image\":{\"@id\":\"https:\\\/\\\/barlacabana.eu\\\/#primaryimage\"},\"thumbnailUrl\":\"https:\\\/\\\/barlacabana.eu\\\/wp-content\\\/uploads\\\/2026\\\/01\\\/Captura-desde-2026-01-29-11-18-46.png\",\"datePublished\":\"2026-01-29T09:13:45+00:00\",\"dateModified\":\"2026-01-29T16:57:38+00:00\",\"breadcrumb\":{\"@id\":\"https:\\\/\\\/barlacabana.eu\\\/#breadcrumb\"},\"inLanguage\":\"eu\",\"potentialAction\":[{\"@type\":\"ReadAction\",\"target\":[\"https:\\\/\\\/barlacabana.eu\\\/\"]}]},{\"@type\":\"ImageObject\",\"inLanguage\":\"eu\",\"@id\":\"https:\\\/\\\/barlacabana.eu\\\/#primaryimage\",\"url\":\"https:\\\/\\\/barlacabana.eu\\\/wp-content\\\/uploads\\\/2026\\\/01\\\/Captura-desde-2026-01-29-11-18-46.png\",\"contentUrl\":\"https:\\\/\\\/barlacabana.eu\\\/wp-content\\\/uploads\\\/2026\\\/01\\\/Captura-desde-2026-01-29-11-18-46.png\"},{\"@type\":\"BreadcrumbList\",\"@id\":\"https:\\\/\\\/barlacabana.eu\\\/#breadcrumb\",\"itemListElement\":[{\"@type\":\"ListItem\",\"position\":1,\"name\":\"Portada\",\"item\":\"https:\\\/\\\/barlacabana.eu\\\/\"},{\"@type\":\"ListItem\",\"position\":2,\"name\":\"Inicio\"}]},{\"@type\":\"WebSite\",\"@id\":\"https:\\\/\\\/barlacabana.eu\\\/#website\",\"url\":\"https:\\\/\\\/barlacabana.eu\\\/\",\"name\":\"Bar La Cabana\",\"description\":\"Bar\",\"publisher\":{\"@id\":\"https:\\\/\\\/barlacabana.eu\\\/#organization\"},\"potentialAction\":[{\"@type\":\"SearchAction\",\"target\":{\"@type\":\"EntryPoint\",\"urlTemplate\":\"https:\\\/\\\/barlacabana.eu\\\/?s={search_term_string}\"},\"query-input\":{\"@type\":\"PropertyValueSpecification\",\"valueRequired\":true,\"valueName\":\"search_term_string\"}}],\"inLanguage\":\"eu\"},{\"@type\":\"Organization\",\"@id\":\"https:\\\/\\\/barlacabana.eu\\\/#organization\",\"name\":\"Bar La Cabana\",\"url\":\"https:\\\/\\\/barlacabana.eu\\\/\",\"logo\":{\"@type\":\"ImageObject\",\"inLanguage\":\"eu\",\"@id\":\"https:\\\/\\\/barlacabana.eu\\\/#\\\/schema\\\/logo\\\/image\\\/\",\"url\":\"https:\\\/\\\/barlacabana.eu\\\/wp-content\\\/uploads\\\/2026\\\/01\\\/cropped-barlacabana202607_logoticket.jpg\",\"contentUrl\":\"https:\\\/\\\/barlacabana.eu\\\/wp-content\\\/uploads\\\/2026\\\/01\\\/cropped-barlacabana202607_logoticket.jpg\",\"width\":413,\"height\":161,\"caption\":\"Bar La Cabana\"},\"image\":{\"@id\":\"https:\\\/\\\/barlacabana.eu\\\/#\\\/schema\\\/logo\\\/image\\\/\"}}]}<\/script>\n<!-- \/ Yoast SEO plugin. -->","yoast_head_json":{"title":"Inicio - Bar La Cabana","robots":{"index":"index","follow":"follow","max-snippet":"max-snippet:-1","max-image-preview":"max-image-preview:large","max-video-preview":"max-video-preview:-1"},"canonical":"https:\/\/barlacabana.eu\/eu\/","og_locale":"en_US","og_type":"article","og_title":"Inicio - Bar La Cabana","og_description":"M\u00e1s de 20 a\u00f1os compartiendo sabor y tradici\u00f3n Sobre Nosotros En Bar La Caba\u00f1a, llevamos m\u00e1s de 20 a\u00f1os compartiendo nuestra pasi\u00f3n por la buena comida y el ambiente aut\u00e9ntico de Bilbao. Nacimos como un peque\u00f1o bar de barrio y, con el tiempo, nos hemos convertido en un lugar de encuentro para quienes buscan sabores [&hellip;]","og_url":"https:\/\/barlacabana.eu\/eu\/","og_site_name":"Bar La Cabana","article_modified_time":"2026-01-29T16:57:38+00:00","og_image":[{"width":546,"height":847,"url":"https:\/\/barlacabana.eu\/wp-content\/uploads\/2026\/01\/Captura-desde-2026-01-29-11-18-46.png","type":"image\/png"}],"twitter_card":"summary_large_image","twitter_misc":{"Est. reading time":"1 minutua"},"schema":{"@context":"https:\/\/schema.org","@graph":[{"@type":"WebPage","@id":"https:\/\/barlacabana.eu\/","url":"https:\/\/barlacabana.eu\/","name":"Inicio - Bar La Cabana","isPartOf":{"@id":"https:\/\/barlacabana.eu\/#website"},"primaryImageOfPage":{"@id":"https:\/\/barlacabana.eu\/#primaryimage"},"image":{"@id":"https:\/\/barlacabana.eu\/#primaryimage"},"thumbnailUrl":"https:\/\/barlacabana.eu\/wp-content\/uploads\/2026\/01\/Captura-desde-2026-01-29-11-18-46.png","datePublished":"2026-01-29T09:13:45+00:00","dateModified":"2026-01-29T16:57:38+00:00","breadcrumb":{"@id":"https:\/\/barlacabana.eu\/#breadcrumb"},"inLanguage":"eu","potentialAction":[{"@type":"ReadAction","target":["https:\/\/barlacabana.eu\/"]}]},{"@type":"ImageObject","inLanguage":"eu","@id":"https:\/\/barlacabana.eu\/#primaryimage","url":"https:\/\/barlacabana.eu\/wp-content\/uploads\/2026\/01\/Captura-desde-2026-01-29-11-18-46.png","contentUrl":"https:\/\/barlacabana.eu\/wp-content\/uploads\/2026\/01\/Captura-desde-2026-01-29-11-18-46.png"},{"@type":"BreadcrumbList","@id":"https:\/\/barlacabana.eu\/#breadcrumb","itemListElement":[{"@type":"ListItem","position":1,"name":"Portada","item":"https:\/\/barlacabana.eu\/"},{"@type":"ListItem","position":2,"name":"Inicio"}]},{"@type":"WebSite","@id":"https:\/\/barlacabana.eu\/#website","url":"https:\/\/barlacabana.eu\/","name":"Bar La Cabana","description":"Bar","publisher":{"@id":"https:\/\/barlacabana.eu\/#organization"},"potentialAction":[{"@type":"SearchAction","target":{"@type":"EntryPoint","urlTemplate":"https:\/\/barlacabana.eu\/?s={search_term_string}"},"query-input":{"@type":"PropertyValueSpecification","valueRequired":true,"valueName":"search_term_string"}}],"inLanguage":"eu"},{"@type":"Organization","@id":"https:\/\/barlacabana.eu\/#organization","name":"Bar La Cabana","url":"https:\/\/barlacabana.eu\/","logo":{"@type":"ImageObject","inLanguage":"eu","@id":"https:\/\/barlacabana.eu\/#\/schema\/logo\/image\/","url":"https:\/\/barlacabana.eu\/wp-content\/uploads\/2026\/01\/cropped-barlacabana202607_logoticket.jpg","contentUrl":"https:\/\/barlacabana.eu\/wp-content\/uploads\/2026\/01\/cropped-barlacabana202607_logoticket.jpg","width":413,"height":161,"caption":"Bar La Cabana"},"image":{"@id":"https:\/\/barlacabana.eu\/#\/schema\/logo\/image\/"}}]}},"_links":{"self":[{"href":"https:\/\/barlacabana.eu\/eu\/wp-json\/wp\/v2\/pages\/10","targetHints":{"allow":["GET"]}}],"collection":[{"href":"https:\/\/barlacabana.eu\/eu\/wp-json\/wp\/v2\/pages"}],"about":[{"href":"https:\/\/barlacabana.eu\/eu\/wp-json\/wp\/v2\/types\/page"}],"author":[{"embeddable":true,"href":"https:\/\/barlacabana.eu\/eu\/wp-json\/wp\/v2\/users\/1"}],"replies":[{"embeddable":true,"href":"https:\/\/barlacabana.eu\/eu\/wp-json\/wp\/v2\/comments?post=10"}],"version-history":[{"count":37,"href":"https:\/\/barlacabana.eu\/eu\/wp-json\/wp\/v2\/pages\/10\/revisions"}],"predecessor-version":[{"id":198,"href":"https:\/\/barlacabana.eu\/eu\/wp-json\/wp\/v2\/pages\/10\/revisions\/198"}],"wp:attachment":[{"href":"https:\/\/barlacabana.eu\/eu\/wp-json\/wp\/v2\/media?parent=10"}],"curies":[{"name":"wp","href":"https:\/\/api.w.org\/{rel}","templated":true}]}}